{"id":231,"date":"2025-09-09T13:04:04","date_gmt":"2025-09-09T13:04:04","guid":{"rendered":"https:\/\/ibjoist.gixstudio.lt\/i-joist-technology\/"},"modified":"2025-09-23T09:38:07","modified_gmt":"2025-09-23T09:38:07","slug":"i-joist-technologija","status":"publish","type":"page","link":"https:\/\/ibjoist.com\/lt\/i-joist-technologija\/","title":{"rendered":"I-Joist Technologija"},"content":{"rendered":"\t\t<div data-elementor-type=\"wp-page\" data-elementor-id=\"231\" class=\"elementor elementor-231 elementor-112\">\n\t\t\t\t<div class=\"wd-negative-gap elementor-element elementor-element-37a9ccf e-flex e-con-boxed e-con e-parent\" data-id=\"37a9ccf\" data-element_type=\"container\">\n\t\t\t\t\t<div class=\"e-con-inner\">\n\t\t\t\t<div class=\"elementor-element elementor-element-eb6f63a elementor-widget elementor-widget-wd_text_block\" data-id=\"eb6f63a\" data-element_type=\"widget\" data-widget_type=\"wd_text_block.default\">\n\t\t\t\t<div class=\"elementor-widget-container\">\n\t\t\t\t\t\t\t<div class=\"wd-text-block reset-last-child text-left\">\n\t\t\t\n\t\t\t<p>I-Joist yra daugiau nei produktas \u2013 tai prover\u017eis statybos technologij\u0173 srityje. Jos unikalus dizainas, primenantis raid\u0119 \u201eI\u201c yra tai, kas j\u0105 daro toki\u0105 veiksming\u0105. Dvigubo ta\u0161o technologija su OSB intarpu leid\u017eia atlaikyti didesnes apkrovas ir i\u0161laikyti stabilius matmenis.<\/p><p>Esminis I-Joist privalumas prie\u0161 nat\u016bralios medienos sijas \u2013 j\u0173 geometrinis stabilumas. Skirtingai nuo nat\u016bralios medienos, kuri yra linkusi deformuotis \u2013 suktis, lenktis ar trauktis. Naudojant I-Joist visos \u0161ios problemos i\u0161sprend\u017eiamos.<\/p><p>Gamybos procesas leid\u017eia mums gaminti iki 13 metr\u0173 ilgio I-Joist sijas, kuri\u0173 kokyb\u0117 yra vienoda visame ilgyje. Sijose gali b\u016bti i\u0161pjautos angos skirtos elektros, ventiliacijos, \u0161ildymo ar vandentiekio sistemoms, nepakenkiant stiprumui, tod\u0117l architektai ir in\u017einieriai gali laisvai ir lanks\u010diai kurti sud\u0117tingus projektus.<\/p><p>Ne ma\u017eiau svarb\u016bs yra ir aplinkosaugos privalumai. Naudodami in\u017einerin\u0119 medien\u0105 ir optimizuodami i\u0161teklius, u\u017etikriname, kad, palyginti su tradicin\u0117mis masyviomis sijomis, b\u016bt\u0173 eikvojama ma\u017eiau \u017ealiav\u0173. D\u0117l to I-Joist yra ne tik efektyvus pasirinkimas statybininkams, bet ir atsakingesnis pasirinkimas planetai.<\/p><p>I-Joist sijos pripa\u017e\u012fstamos kaip pa\u017eangos simbolis, nes viename produkte sujungia stiprum\u0105, efektyvum\u0105 ir tvarum\u0105. Jas vertina ne tik Skandinavijos ar Baltijos \u0161ali\u0173 specialistai, bet ir visa Europa.<\/p>\n\t\t\t\t\t<\/div>\n\t\t\t\t\t\t<\/div>\n\t\t\t\t<\/div>\n\t\t\t\t<div class=\"elementor-element elementor-element-3664ef5 elementor-widget elementor-widget-wd_button\" data-id=\"3664ef5\" data-element_type=\"widget\" data-widget_type=\"wd_button.default\">\n\t\t\t\t<div class=\"elementor-widget-container\">\n\t\t\t\t\t\t\t<div class=\"wd-button-wrapper text-center\" >\n\t\t\t<a class=\"btn btn-style-default btn-shape-semi-round btn-size-large btn-color-black btn-icon-pos-right\"  href=\"\/lt\/kontaktai\/\">\n\t\t\t\t<span class=\"wd-btn-text\" data-elementor-setting-key=\"text\">\n\t\t\t\t\tSusisiekite su mumis\t\t\t\t<\/span>\n\n\t\t\t\t\t\t\t<\/a>\n\t\t<\/div>\n\t\t\t\t\t\t<\/div>\n\t\t\t\t<\/div>\n\t\t\t\t\t<\/div>\n\t\t\t\t<\/div>\n\t\t<div class=\"wd-negative-gap elementor-element elementor-element-418409e e-flex e-con-boxed e-con e-parent\" data-id=\"418409e\" data-element_type=\"container\">\n\t\t\t\t\t<div class=\"e-con-inner\">\n\t\t\t\t<div class=\"elementor-element elementor-element-8c3378d elementor-widget elementor-widget-spacer\" data-id=\"8c3378d\" data-element_type=\"widget\" data-widget_type=\"spacer.default\">\n\t\t\t\t\t\t\t<div class=\"elementor-spacer\">\n\t\t\t<div class=\"elementor-spacer-inner\"><\/div>\n\t\t<\/div>\n\t\t\t\t\t\t<\/div>\n\t\t\t\t<div class=\"elementor-element elementor-element-7514810 gallery-spacing-custom elementor-widget elementor-widget-image-gallery\" data-id=\"7514810\" data-element_type=\"widget\" data-widget_type=\"image-gallery.default\">\n\t\t\t\t\t\t\t<div class=\"elementor-image-gallery\">\n\t\t\t\n\t\t<style type=\"text\/css\">\n\t\t\t#gallery-1 {\n\t\t\t\tmargin: auto;\n\t\t\t}\n\t\t\t#gallery-1 .gallery-item {\n\t\t\t\tfloat: left;\n\t\t\t\tmargin-top: 10px;\n\t\t\t\ttext-align: center;\n\t\t\t\twidth: 16%;\n\t\t\t}\n\t\t\t#gallery-1 img {\n\t\t\t\tborder: 2px solid #cfcfcf;\n\t\t\t}\n\t\t\t#gallery-1 .gallery-caption {\n\t\t\t\tmargin-left: 0;\n\t\t\t}\n\t\t\t\/* see gallery_shortcode() in wp-includes\/media.php *\/\n\t\t<\/style>\n\t\t<div id='gallery-1' class='gallery galleryid-231 gallery-columns-6 gallery-size-thumbnail'><dl class='gallery-item'>\n\t\t\t<dt class='gallery-icon landscape'>\n\t\t\t\t<a data-elementor-open-lightbox=\"no\" href='https:\/\/ibjoist.com\/wp-content\/uploads\/2025\/09\/the-joist.png'><img decoding=\"async\" width=\"150\" height=\"150\" src=\"https:\/\/ibjoist.com\/wp-content\/uploads\/2025\/09\/the-joist-150x150.png\" class=\"attachment-thumbnail size-thumbnail\" alt=\"I-Joist products made in Lithuania \/ I-Joist products made in Europe  \/ I-Joist produktai pagaminti Lietuvoje \/ I-Joist produktai pagaminti Europoje \/ I-Joist manufacture \/ I-Joist individuali gamyba\" aria-describedby=\"gallery-1-224\" srcset=\"https:\/\/ibjoist.com\/wp-content\/uploads\/2025\/09\/the-joist-150x150.png 150w, https:\/\/ibjoist.com\/wp-content\/uploads\/2025\/09\/the-joist-300x300.png 300w\" sizes=\"(max-width: 150px) 100vw, 150px\" \/><\/a>\n\t\t\t<\/dt>\n\t\t\t\t<dd class='wp-caption-text gallery-caption' id='gallery-1-224'>\n\t\t\t\tI-Joist products made in Lithuania \/ I-Joist products made in Europe  \/ I-Joist produktai pagaminti Lietuvoje \/ I-Joist produktai pagaminti Europoje \/ I-Joist manufacture \/ I-Joist individuali gamyba\n\t\t\t\t<\/dd><\/dl><dl class='gallery-item'>\n\t\t\t<dt class='gallery-icon landscape'>\n\t\t\t\t<a data-elementor-open-lightbox=\"no\" href='https:\/\/ibjoist.com\/wp-content\/uploads\/2025\/09\/Joist-5.png'><img decoding=\"async\" width=\"150\" height=\"150\" src=\"https:\/\/ibjoist.com\/wp-content\/uploads\/2025\/09\/Joist-5-150x150.png\" class=\"attachment-thumbnail size-thumbnail\" alt=\"I-Joist products made in Lithuania \/ I-Joist products made in Europe  \/ I-Joist produktai pagaminti Lietuvoje \/ I-Joist produktai pagaminti Europoje \/ I-Joist manufacture \/ I-Joist individuali gamyba\" aria-describedby=\"gallery-1-223\" srcset=\"https:\/\/ibjoist.com\/wp-content\/uploads\/2025\/09\/Joist-5-150x150.png 150w, https:\/\/ibjoist.com\/wp-content\/uploads\/2025\/09\/Joist-5-300x300.png 300w\" sizes=\"(max-width: 150px) 100vw, 150px\" \/><\/a>\n\t\t\t<\/dt>\n\t\t\t\t<dd class='wp-caption-text gallery-caption' id='gallery-1-223'>\n\t\t\t\tI-Joist products made in Lithuania \/ I-Joist products made in Europe  \/ I-Joist produktai pagaminti Lietuvoje \/ I-Joist produktai pagaminti Europoje \/ I-Joist manufacture \/ I-Joist individuali gamyba\n\t\t\t\t<\/dd><\/dl><dl class='gallery-item'>\n\t\t\t<dt class='gallery-icon portrait'>\n\t\t\t\t<a data-elementor-open-lightbox=\"no\" href='https:\/\/ibjoist.com\/wp-content\/uploads\/2025\/09\/Image_3ijoist.png'><img decoding=\"async\" width=\"150\" height=\"150\" src=\"https:\/\/ibjoist.com\/wp-content\/uploads\/2025\/09\/Image_3ijoist-150x150.png\" class=\"attachment-thumbnail size-thumbnail\" alt=\"I-Joist products made in Lithuania \/ I-Joist products made in Europe  \/ I-Joist produktai pagaminti Lietuvoje \/ I-Joist produktai pagaminti Europoje \/ I-Joist manufacture \/ I-Joist individuali gamyba\" aria-describedby=\"gallery-1-232\" srcset=\"https:\/\/ibjoist.com\/wp-content\/uploads\/2025\/09\/Image_3ijoist-150x150.png 150w, https:\/\/ibjoist.com\/wp-content\/uploads\/2025\/09\/Image_3ijoist-300x300.png 300w\" sizes=\"(max-width: 150px) 100vw, 150px\" \/><\/a>\n\t\t\t<\/dt>\n\t\t\t\t<dd class='wp-caption-text gallery-caption' id='gallery-1-232'>\n\t\t\t\tI-Joist products made in Lithuania \/ I-Joist products made in Europe  \/ I-Joist produktai pagaminti Lietuvoje \/ I-Joist produktai pagaminti Europoje \/ I-Joist manufacture \/ I-Joist individuali gamyba\n\t\t\t\t<\/dd><\/dl><dl class='gallery-item'>\n\t\t\t<dt class='gallery-icon landscape'>\n\t\t\t\t<a data-elementor-open-lightbox=\"no\" href='https:\/\/ibjoist.com\/wp-content\/uploads\/2025\/09\/ijoist4g1.jpg'><img loading=\"lazy\" decoding=\"async\" width=\"150\" height=\"150\" src=\"https:\/\/ibjoist.com\/wp-content\/uploads\/2025\/09\/ijoist4g1-150x150.jpg\" class=\"attachment-thumbnail size-thumbnail\" alt=\"I-Joist products made in Lithuania \/ I-Joist products made in Europe  \/ I-Joist produktai pagaminti Lietuvoje \/ I-Joist produktai pagaminti Europoje \/ I-Joist manufacture \/ I-Joist individuali gamyba\" aria-describedby=\"gallery-1-233\" srcset=\"https:\/\/ibjoist.com\/wp-content\/uploads\/2025\/09\/ijoist4g1-150x150.jpg 150w, https:\/\/ibjoist.com\/wp-content\/uploads\/2025\/09\/ijoist4g1-300x300.jpg 300w\" sizes=\"(max-width: 150px) 100vw, 150px\" \/><\/a>\n\t\t\t<\/dt>\n\t\t\t\t<dd class='wp-caption-text gallery-caption' id='gallery-1-233'>\n\t\t\t\tI-Joist products made in Lithuania \/ I-Joist products made in Europe  \/ I-Joist produktai pagaminti Lietuvoje \/ I-Joist produktai pagaminti Europoje \/ I-Joist manufacture \/ I-Joist individuali gamyba\n\t\t\t\t<\/dd><\/dl><dl class='gallery-item'>\n\t\t\t<dt class='gallery-icon portrait'>\n\t\t\t\t<a data-elementor-open-lightbox=\"no\" href='https:\/\/ibjoist.com\/wp-content\/uploads\/2025\/09\/ijoist3.jpg'><img loading=\"lazy\" decoding=\"async\" width=\"150\" height=\"150\" src=\"https:\/\/ibjoist.com\/wp-content\/uploads\/2025\/09\/ijoist3-150x150.jpg\" class=\"attachment-thumbnail size-thumbnail\" alt=\"I-Joist products made in Lithuania \/ I-Joist products made in Europe  \/ I-Joist produktai pagaminti Lietuvoje \/ I-Joist produktai pagaminti Europoje \/ I-Joist manufacture \/ I-Joist individuali gamyba\" aria-describedby=\"gallery-1-234\" srcset=\"https:\/\/ibjoist.com\/wp-content\/uploads\/2025\/09\/ijoist3-150x150.jpg 150w, https:\/\/ibjoist.com\/wp-content\/uploads\/2025\/09\/ijoist3-300x300.jpg 300w\" sizes=\"(max-width: 150px) 100vw, 150px\" \/><\/a>\n\t\t\t<\/dt>\n\t\t\t\t<dd class='wp-caption-text gallery-caption' id='gallery-1-234'>\n\t\t\t\tI-Joist products made in Lithuania \/ I-Joist products made in Europe  \/ I-Joist produktai pagaminti Lietuvoje \/ I-Joist produktai pagaminti Europoje \/ I-Joist manufacture \/ I-Joist individuali gamyba\n\t\t\t\t<\/dd><\/dl><dl class='gallery-item'>\n\t\t\t<dt class='gallery-icon landscape'>\n\t\t\t\t<a data-elementor-open-lightbox=\"no\" href='https:\/\/ibjoist.com\/wp-content\/uploads\/2025\/09\/ijoist1.jpg'><img loading=\"lazy\" decoding=\"async\" width=\"150\" height=\"150\" src=\"https:\/\/ibjoist.com\/wp-content\/uploads\/2025\/09\/ijoist1-150x150.jpg\" class=\"attachment-thumbnail size-thumbnail\" alt=\"I-Joist products made in Lithuania \/ I-Joist products made in Europe  \/ I-Joist produktai pagaminti Lietuvoje \/ I-Joist produktai pagaminti Europoje \/ I-Joist manufacture \/ I-Joist individuali gamyba\" aria-describedby=\"gallery-1-235\" srcset=\"https:\/\/ibjoist.com\/wp-content\/uploads\/2025\/09\/ijoist1-150x150.jpg 150w, https:\/\/ibjoist.com\/wp-content\/uploads\/2025\/09\/ijoist1-300x300.jpg 300w\" sizes=\"(max-width: 150px) 100vw, 150px\" \/><\/a>\n\t\t\t<\/dt>\n\t\t\t\t<dd class='wp-caption-text gallery-caption' id='gallery-1-235'>\n\t\t\t\tI-Joist products made in Lithuania \/ I-Joist products made in Europe  \/ I-Joist produktai pagaminti Lietuvoje \/ I-Joist produktai pagaminti Europoje \/ I-Joist manufacture \/ I-Joist individuali gamyba\n\t\t\t\t<\/dd><\/dl><br style=\"clear: both\" \/>\n\t\t<\/div>\n\t\t<\/div>\n\t\t\t\t\t\t<\/div>\n\t\t\t\t<div class=\"elementor-element elementor-element-286ae6d elementor-widget elementor-widget-spacer\" data-id=\"286ae6d\" data-element_type=\"widget\" data-widget_type=\"spacer.default\">\n\t\t\t\t\t\t\t<div class=\"elementor-spacer\">\n\t\t\t<div class=\"elementor-spacer-inner\"><\/div>\n\t\t<\/div>\n\t\t\t\t\t\t<\/div>\n\t\t\t\t\t<\/div>\n\t\t\t\t<\/div>\n\t\t\t\t<\/div>\n\t\t","protected":false},"excerpt":{"rendered":"<p>I-Joist yra daugiau nei produktas \u2013 tai prover\u017eis statybos technologij\u0173 srityje. Jos unikalus dizainas, primenantis raid\u0119 \u201eI\u201c yra tai, kas<\/p>\n","protected":false},"author":1,"featured_media":402,"parent":0,"menu_order":0,"comment_status":"closed","ping_status":"closed","template":"","meta":{"footnotes":""},"class_list":["post-231","page","type-page","status-publish","has-post-thumbnail","hentry"],"aioseo_notices":[],"_links":{"self":[{"href":"https:\/\/ibjoist.com\/lt\/wp-json\/wp\/v2\/pages\/231","targetHints":{"allow":["GET"]}}],"collection":[{"href":"https:\/\/ibjoist.com\/lt\/wp-json\/wp\/v2\/pages"}],"about":[{"href":"https:\/\/ibjoist.com\/lt\/wp-json\/wp\/v2\/types\/page"}],"author":[{"embeddable":true,"href":"https:\/\/ibjoist.com\/lt\/wp-json\/wp\/v2\/users\/1"}],"replies":[{"embeddable":true,"href":"https:\/\/ibjoist.com\/lt\/wp-json\/wp\/v2\/comments?post=231"}],"version-history":[{"count":13,"href":"https:\/\/ibjoist.com\/lt\/wp-json\/wp\/v2\/pages\/231\/revisions"}],"predecessor-version":[{"id":415,"href":"https:\/\/ibjoist.com\/lt\/wp-json\/wp\/v2\/pages\/231\/revisions\/415"}],"wp:featuredmedia":[{"embeddable":true,"href":"https:\/\/ibjoist.com\/lt\/wp-json\/wp\/v2\/media\/402"}],"wp:attachment":[{"href":"https:\/\/ibjoist.com\/lt\/wp-json\/wp\/v2\/media?parent=231"}],"curies":[{"name":"wp","href":"https:\/\/api.w.org\/{rel}","templated":true}]}}