{"id":240,"date":"2025-09-09T11:37:05","date_gmt":"2025-09-09T11:37:05","guid":{"rendered":"https:\/\/ibjoist.gixstudio.lt\/about-us\/"},"modified":"2025-09-22T06:27:37","modified_gmt":"2025-09-22T06:27:37","slug":"apie-mus","status":"publish","type":"page","link":"https:\/\/ibjoist.com\/lt\/apie-mus\/","title":{"rendered":"Apie mus"},"content":{"rendered":"\t\t<div data-elementor-type=\"wp-page\" data-elementor-id=\"240\" class=\"elementor elementor-240 elementor-24\">\n\t\t\t\t<div class=\"elementor-element elementor-element-e312f60 e-con-full wd-section-stretch e-flex e-con e-parent\" data-id=\"e312f60\" data-element_type=\"container\" data-settings=\"{&quot;background_background&quot;:&quot;classic&quot;,&quot;shape_divider_bottom&quot;:&quot;pyramids&quot;}\">\n\t\t\t\t<div class=\"elementor-shape elementor-shape-bottom\" aria-hidden=\"true\" data-negative=\"false\">\n\t\t\t<svg xmlns=\"http:\/\/www.w3.org\/2000\/svg\" viewBox=\"0 0 1000 100\" preserveAspectRatio=\"none\">\n\t<path class=\"elementor-shape-fill\" d=\"M761.9,44.1L643.1,27.2L333.8,98L0,3.8V0l1000,0v3.9\"\/>\n<\/svg>\t\t<\/div>\n\t\t\t\t<div class=\"elementor-element elementor-element-0b34843 elementor-widget elementor-widget-spacer\" data-id=\"0b34843\" data-element_type=\"widget\" data-widget_type=\"spacer.default\">\n\t\t\t\t\t\t\t<div class=\"elementor-spacer\">\n\t\t\t<div class=\"elementor-spacer-inner\"><\/div>\n\t\t<\/div>\n\t\t\t\t\t\t<\/div>\n\t\t\t\t<div class=\"elementor-element elementor-element-2a53a99 wd-width-100 elementor-widget elementor-widget-wd_title\" data-id=\"2a53a99\" data-element_type=\"widget\" data-widget_type=\"wd_title.default\">\n\t\t\t\t<div class=\"elementor-widget-container\">\n\t\t\t\t\t\t\t<div class=\"title-wrapper wd-set-mb reset-last-child wd-title-color-white wd-title-style-bordered wd-title-size-extra-large text-center\">\n\n\t\t\t\n\t\t\t<div class=\"liner-continer\">\n\t\t\t\t<h4 class=\"woodmart-title-container title wd-fontsize-xxxl\">IBJoist <\/h4> \n\t\t\t\t\t\t\t<\/div>\n\n\t\t\t\t\t\t\t<div class=\"title-after_title reset-last-child wd-fontsize-s\">\n\t\t\t\t\t<p>M\u016bs\u0173 istorija yra grind\u017eiama aistra naujov\u0117ms ir atsidavimu kokybei.<\/p>\t\t\t\t<\/div>\n\t\t\t\t\t<\/div>\n\t\t\t\t\t\t<\/div>\n\t\t\t\t<\/div>\n\t\t\t\t<div class=\"elementor-element elementor-element-393a58f elementor-widget elementor-widget-wd_button\" data-id=\"393a58f\" data-element_type=\"widget\" data-widget_type=\"wd_button.default\">\n\t\t\t\t<div class=\"elementor-widget-container\">\n\t\t\t\t\t\t\t<div class=\"wd-button-wrapper text-center\" >\n\t\t\t<a class=\"btn btn-style-bordered btn-shape-semi-round btn-size-extra-large btn-color-white btn-icon-pos-right\"  href=\"\/lt\/musu-i-joist-produktai\">\n\t\t\t\t<span class=\"wd-btn-text\" data-elementor-setting-key=\"text\">\n\t\t\t\t\tProduktai\t\t\t\t<\/span>\n\n\t\t\t\t\t\t\t<\/a>\n\t\t<\/div>\n\t\t\t\t\t\t<\/div>\n\t\t\t\t<\/div>\n\t\t\t\t<div class=\"elementor-element elementor-element-b79cbe0 elementor-widget elementor-widget-spacer\" data-id=\"b79cbe0\" data-element_type=\"widget\" data-widget_type=\"spacer.default\">\n\t\t\t\t\t\t\t<div class=\"elementor-spacer\">\n\t\t\t<div class=\"elementor-spacer-inner\"><\/div>\n\t\t<\/div>\n\t\t\t\t\t\t<\/div>\n\t\t\t\t<\/div>\n\t\t<div class=\"wd-negative-gap elementor-element elementor-element-ed73614 e-flex e-con-boxed e-con e-parent\" data-id=\"ed73614\" data-element_type=\"container\">\n\t\t\t\t\t<div class=\"e-con-inner\">\n\t\t\t\t<div class=\"elementor-element elementor-element-2693562 elementor-widget elementor-widget-wd_text_block\" data-id=\"2693562\" data-element_type=\"widget\" data-widget_type=\"wd_text_block.default\">\n\t\t\t\t<div class=\"elementor-widget-container\">\n\t\t\t\t\t\t\t<div class=\"wd-text-block reset-last-child text-left color-title\">\n\t\t\t\n\t\t\t<p>M\u016bs\u0173 kelion\u0117 prasid\u0117jo nuo vizijos, kurioje siek\u0117me gaminti produkt\u0105, kuris sujungt\u0173 inovacijas, patikimum\u0105 ir tvarum\u0105. Remdamiesi \u0161ia id\u0117ja, Lietuvoje i\u0161pl\u0117tojome \u00a0I-Joist gamyb\u0105. O \u0161iandien did\u017eiuojam\u0117s tuo, kad esame vieni i\u0161 pagrindini\u0173 in\u017einerini\u0173 medienos produkt\u0173 tiek\u0117j\u0173 Baltijos \u0161alyse.<\/p><p>M\u016bs\u0173 \u012fmon\u0117s pagrind\u0105 sudaro modernios dirbtuv\u0117s, apr\u016bpintos pa\u017eangia technologija ir valdoma patyrusi\u0173 profesional\u0173 komandos. Kiekvienas proceso etapas \u2013 nuo \u017ealiav\u0173 atrankos iki galutinio kokyb\u0117s patikrinimo \u2013 atliekamas su did\u017eiausiu tikslumu. Tai u\u017etikrina, kad kiekviena I-Joist ne tik atitinka Europos statybos standartus, bet ir vir\u0161ija m\u016bs\u0173 klient\u0173 l\u016bkes\u010dius.<\/p>\n\t\t\t\t\t<\/div>\n\t\t\t\t\t\t<\/div>\n\t\t\t\t<\/div>\n\t\t\t\t<div class=\"elementor-element elementor-element-53ddcb1 elementor-widget elementor-widget-spacer\" data-id=\"53ddcb1\" data-element_type=\"widget\" data-widget_type=\"spacer.default\">\n\t\t\t\t\t\t\t<div class=\"elementor-spacer\">\n\t\t\t<div class=\"elementor-spacer-inner\"><\/div>\n\t\t<\/div>\n\t\t\t\t\t\t<\/div>\n\t\t\t\t\t<\/div>\n\t\t\t\t<\/div>\n\t\t<div class=\"wd-negative-gap elementor-element elementor-element-efcf49e e-flex e-con-boxed e-con e-parent\" data-id=\"efcf49e\" data-element_type=\"container\" data-settings=\"{&quot;background_background&quot;:&quot;classic&quot;,&quot;shape_divider_top&quot;:&quot;tilt&quot;,&quot;shape_divider_bottom&quot;:&quot;tilt&quot;}\">\n\t\t\t\t\t<div class=\"e-con-inner\">\n\t\t\t\t<div class=\"elementor-shape elementor-shape-top\" aria-hidden=\"true\" data-negative=\"false\">\n\t\t\t<svg xmlns=\"http:\/\/www.w3.org\/2000\/svg\" viewBox=\"0 0 1000 100\" preserveAspectRatio=\"none\">\n\t<path class=\"elementor-shape-fill\" d=\"M0,6V0h1000v100L0,6z\"\/>\n<\/svg>\t\t<\/div>\n\t\t\t\t<div class=\"elementor-shape elementor-shape-bottom\" aria-hidden=\"true\" data-negative=\"false\">\n\t\t\t<svg xmlns=\"http:\/\/www.w3.org\/2000\/svg\" viewBox=\"0 0 1000 100\" preserveAspectRatio=\"none\">\n\t<path class=\"elementor-shape-fill\" d=\"M0,6V0h1000v100L0,6z\"\/>\n<\/svg>\t\t<\/div>\n\t\t\t\t<div class=\"elementor-element elementor-element-f6eac06 elementor-widget elementor-widget-spacer\" data-id=\"f6eac06\" data-element_type=\"widget\" data-widget_type=\"spacer.default\">\n\t\t\t\t\t\t\t<div class=\"elementor-spacer\">\n\t\t\t<div class=\"elementor-spacer-inner\"><\/div>\n\t\t<\/div>\n\t\t\t\t\t\t<\/div>\n\t\t\t\t<div class=\"elementor-element elementor-element-7d91c44 elementor-widget elementor-widget-heading\" data-id=\"7d91c44\" data-element_type=\"widget\" data-widget_type=\"heading.default\">\n\t\t\t\t\t<h2 class=\"elementor-heading-title elementor-size-default\">M\u016bs\u0173 stipryb\u0117 yra trys pagrindin\u0117s vertyb\u0117s<\/h2>\t\t\t\t<\/div>\n\t\t\t\t<div class=\"elementor-element elementor-element-61c2879 elementor-widget elementor-widget-spacer\" data-id=\"61c2879\" data-element_type=\"widget\" data-widget_type=\"spacer.default\">\n\t\t\t\t\t\t\t<div class=\"elementor-spacer\">\n\t\t\t<div class=\"elementor-spacer-inner\"><\/div>\n\t\t<\/div>\n\t\t\t\t\t\t<\/div>\n\t\t\t\t\t<\/div>\n\t\t\t\t<\/div>\n\t\t<div class=\"wd-negative-gap elementor-element elementor-element-8cb391b e-flex e-con-boxed e-con e-parent\" data-id=\"8cb391b\" data-element_type=\"container\">\n\t\t\t\t\t<div class=\"e-con-inner\">\n\t\t\t\t<div class=\"elementor-element elementor-element-2f2133e elementor-widget elementor-widget-spacer\" data-id=\"2f2133e\" data-element_type=\"widget\" data-widget_type=\"spacer.default\">\n\t\t\t\t\t\t\t<div class=\"elementor-spacer\">\n\t\t\t<div class=\"elementor-spacer-inner\"><\/div>\n\t\t<\/div>\n\t\t\t\t\t\t<\/div>\n\t\t\t\t<div class=\"elementor-element elementor-element-d772d47 elementor-widget elementor-widget-wd_text_block\" data-id=\"d772d47\" data-element_type=\"widget\" data-widget_type=\"wd_text_block.default\">\n\t\t\t\t<div class=\"elementor-widget-container\">\n\t\t\t\t\t\t\t<div class=\"wd-text-block reset-last-child text-left color-title\">\n\t\t\t\n\t\t\t<ul><li>Patikimumas \u2013 gaminame konstrukcinius medienos gaminius, naudojant auk\u0161\u010diausios kokyb\u0117s \u017ealiavas siekiant i\u0161vengti defekt\u0173, kad galutinis produktas atitikt\u0173 statybos norm\u0173 reikalavimus ir tarnaut\u0173 daugel\u012f met\u0173 nekeliant pavojaus konstrukcijos stabilumui.<\/li><li>Inovacijos \u2013 investuojame \u012f mokslinius tyrimus ir in\u017einerinius sprendimus, siekdami padidinti efektyvum\u0105 ir atitikti \u0161iuolaikinius architekt\u016bros reikalavimus.<\/li><li>Tvarumas \u2013 gamybos proces\u0173 optimizavimas, energijos ir \u017ealiav\u0173 atsakingas naudojimas bei tinkamas atliek\u0173 perdirbimas yra neatsiejama proceso dalis.<\/li><\/ul>\n\t\t\t\t\t<\/div>\n\t\t\t\t\t\t<\/div>\n\t\t\t\t<\/div>\n\t\t\t\t<div class=\"elementor-element elementor-element-81fce2e elementor-widget elementor-widget-spacer\" data-id=\"81fce2e\" data-element_type=\"widget\" data-widget_type=\"spacer.default\">\n\t\t\t\t\t\t\t<div class=\"elementor-spacer\">\n\t\t\t<div class=\"elementor-spacer-inner\"><\/div>\n\t\t<\/div>\n\t\t\t\t\t\t<\/div>\n\t\t\t\t\t<\/div>\n\t\t\t\t<\/div>\n\t\t<div class=\"wd-negative-gap elementor-element elementor-element-8bf0a16 e-flex e-con-boxed e-con e-parent\" data-id=\"8bf0a16\" data-element_type=\"container\" data-settings=\"{&quot;background_background&quot;:&quot;classic&quot;,&quot;shape_divider_top&quot;:&quot;tilt&quot;,&quot;shape_divider_bottom&quot;:&quot;tilt&quot;}\">\n\t\t\t\t\t<div class=\"e-con-inner\">\n\t\t\t\t<div class=\"elementor-shape elementor-shape-top\" aria-hidden=\"true\" data-negative=\"false\">\n\t\t\t<svg xmlns=\"http:\/\/www.w3.org\/2000\/svg\" viewBox=\"0 0 1000 100\" preserveAspectRatio=\"none\">\n\t<path class=\"elementor-shape-fill\" d=\"M0,6V0h1000v100L0,6z\"\/>\n<\/svg>\t\t<\/div>\n\t\t\t\t<div class=\"elementor-shape elementor-shape-bottom\" aria-hidden=\"true\" data-negative=\"false\">\n\t\t\t<svg xmlns=\"http:\/\/www.w3.org\/2000\/svg\" viewBox=\"0 0 1000 100\" preserveAspectRatio=\"none\">\n\t<path class=\"elementor-shape-fill\" d=\"M0,6V0h1000v100L0,6z\"\/>\n<\/svg>\t\t<\/div>\n\t\t\t\t<div class=\"elementor-element elementor-element-645d762 elementor-widget elementor-widget-spacer\" data-id=\"645d762\" data-element_type=\"widget\" data-widget_type=\"spacer.default\">\n\t\t\t\t\t\t\t<div class=\"elementor-spacer\">\n\t\t\t<div class=\"elementor-spacer-inner\"><\/div>\n\t\t<\/div>\n\t\t\t\t\t\t<\/div>\n\t\t\t\t<div class=\"elementor-element elementor-element-169dc78 elementor-widget elementor-widget-heading\" data-id=\"169dc78\" data-element_type=\"widget\" data-widget_type=\"heading.default\">\n\t\t\t\t\t<h2 class=\"elementor-heading-title elementor-size-default\">\u012esik\u016brusi Lietuvoje<\/h2>\t\t\t\t<\/div>\n\t\t\t\t<div class=\"elementor-element elementor-element-488df8f elementor-widget elementor-widget-spacer\" data-id=\"488df8f\" data-element_type=\"widget\" data-widget_type=\"spacer.default\">\n\t\t\t\t\t\t\t<div class=\"elementor-spacer\">\n\t\t\t<div class=\"elementor-spacer-inner\"><\/div>\n\t\t<\/div>\n\t\t\t\t\t\t<\/div>\n\t\t\t\t\t<\/div>\n\t\t\t\t<\/div>\n\t\t<div class=\"wd-negative-gap elementor-element elementor-element-68cae65 e-flex e-con-boxed e-con e-parent\" data-id=\"68cae65\" data-element_type=\"container\">\n\t\t\t\t\t<div class=\"e-con-inner\">\n\t\t\t\t<div class=\"elementor-element elementor-element-10a1f88 elementor-widget elementor-widget-spacer\" data-id=\"10a1f88\" data-element_type=\"widget\" data-widget_type=\"spacer.default\">\n\t\t\t\t\t\t\t<div class=\"elementor-spacer\">\n\t\t\t<div class=\"elementor-spacer-inner\"><\/div>\n\t\t<\/div>\n\t\t\t\t\t\t<\/div>\n\t\t\t\t<div class=\"elementor-element elementor-element-3dfa150 elementor-widget elementor-widget-wd_text_block\" data-id=\"3dfa150\" data-element_type=\"widget\" data-widget_type=\"wd_text_block.default\">\n\t\t\t\t<div class=\"elementor-widget-container\">\n\t\t\t\t\t\t\t<div class=\"wd-text-block reset-last-child text-left color-title\">\n\t\t\t\n\t\t\t<p>Gamyba Lietuvoje suteikia mums strategini prana\u0161um\u0105. Esame \u012fsik\u016br\u0119 Europos kry\u017ekel\u0117je, tod\u0117l galime greitai ir efektyviai pasiekti bei aptarnauti ne tik Baltijos \u0161alis ar Skandinavij\u0105, bet ir vis\u0105 likusi\u0105 Europ\u0105. M\u016bs\u0173 klientai \u2013 statybos bendrov\u0117s, architektai ir platintojai, kurie vertina m\u016bs\u0173 produkto kokyb\u0119 ir geb\u0117jim\u0105 laiku vykdyti savo \u012fsipareigojimus.<\/p><p>Mes esame ne tik gamintojai \u2013 mes esame partneriai statyb\u0173 pa\u017eangos srityje. \u012esiklausydami \u012f klient\u0173 poreikius, si\u016blome lanks\u010dius sprendimus ir nuolat tobulindami savo technologijas, u\u017etikriname, kad m\u016bs\u0173 I-Joist i\u0161lieka patikimu pasirinkimu \u0161iuolaikin\u0117se statybose.<\/p>\n\t\t\t\t\t<\/div>\n\t\t\t\t\t\t<\/div>\n\t\t\t\t<\/div>\n\t\t\t\t<div class=\"elementor-element elementor-element-6fadc2b elementor-widget elementor-widget-spacer\" data-id=\"6fadc2b\" data-element_type=\"widget\" data-widget_type=\"spacer.default\">\n\t\t\t\t\t\t\t<div class=\"elementor-spacer\">\n\t\t\t<div class=\"elementor-spacer-inner\"><\/div>\n\t\t<\/div>\n\t\t\t\t\t\t<\/div>\n\t\t\t\t\t<\/div>\n\t\t\t\t<\/div>\n\t\t<div class=\"wd-negative-gap elementor-element elementor-element-55c9216 e-flex e-con-boxed e-con e-parent\" data-id=\"55c9216\" data-element_type=\"container\">\n\t\t\t\t\t<div class=\"e-con-inner\">\n\t\t\t\t<div class=\"elementor-element elementor-element-cef3fe1 elementor-widget elementor-widget-wd_button\" data-id=\"cef3fe1\" data-element_type=\"widget\" data-widget_type=\"wd_button.default\">\n\t\t\t\t<div class=\"elementor-widget-container\">\n\t\t\t\t\t\t\t<div class=\"wd-button-wrapper text-center\" >\n\t\t\t<a class=\"btn btn-style-default btn-shape-semi-round btn-size-large btn-color-black btn-icon-pos-right\"  href=\"\/lt\/kontaktai\/\">\n\t\t\t\t<span class=\"wd-btn-text\" data-elementor-setting-key=\"text\">\n\t\t\t\t\tSusisiekite su mumis\t\t\t\t<\/span>\n\n\t\t\t\t\t\t\t<\/a>\n\t\t<\/div>\n\t\t\t\t\t\t<\/div>\n\t\t\t\t<\/div>\n\t\t\t\t\t<\/div>\n\t\t\t\t<\/div>\n\t\t\t\t<\/div>\n\t\t","protected":false},"excerpt":{"rendered":"<p>IBJoist M\u016bs\u0173 istorija yra grind\u017eiama aistra naujov\u0117ms ir atsidavimu kokybei. Produktai M\u016bs\u0173 kelion\u0117 prasid\u0117jo nuo vizijos, kurioje siek\u0117me gaminti produkt\u0105,<\/p>\n","protected":false},"author":1,"featured_media":405,"parent":0,"menu_order":0,"comment_status":"closed","ping_status":"closed","template":"","meta":{"footnotes":""},"class_list":["post-240","page","type-page","status-publish","has-post-thumbnail","hentry"],"aioseo_notices":[],"_links":{"self":[{"href":"https:\/\/ibjoist.com\/lt\/wp-json\/wp\/v2\/pages\/240","targetHints":{"allow":["GET"]}}],"collection":[{"href":"https:\/\/ibjoist.com\/lt\/wp-json\/wp\/v2\/pages"}],"about":[{"href":"https:\/\/ibjoist.com\/lt\/wp-json\/wp\/v2\/types\/page"}],"author":[{"embeddable":true,"href":"https:\/\/ibjoist.com\/lt\/wp-json\/wp\/v2\/users\/1"}],"replies":[{"embeddable":true,"href":"https:\/\/ibjoist.com\/lt\/wp-json\/wp\/v2\/comments?post=240"}],"version-history":[{"count":12,"href":"https:\/\/ibjoist.com\/lt\/wp-json\/wp\/v2\/pages\/240\/revisions"}],"predecessor-version":[{"id":407,"href":"https:\/\/ibjoist.com\/lt\/wp-json\/wp\/v2\/pages\/240\/revisions\/407"}],"wp:featuredmedia":[{"embeddable":true,"href":"https:\/\/ibjoist.com\/lt\/wp-json\/wp\/v2\/media\/405"}],"wp:attachment":[{"href":"https:\/\/ibjoist.com\/lt\/wp-json\/wp\/v2\/media?parent=240"}],"curies":[{"name":"wp","href":"https:\/\/api.w.org\/{rel}","templated":true}]}}