{"id":253,"date":"2025-09-09T11:37:22","date_gmt":"2025-09-09T11:37:22","guid":{"rendered":"https:\/\/ibjoist.gixstudio.lt\/contact-us\/"},"modified":"2025-09-22T06:33:55","modified_gmt":"2025-09-22T06:33:55","slug":"contact-us","status":"publish","type":"page","link":"https:\/\/ibjoist.com\/lt\/contact-us\/","title":{"rendered":"Kontaktai"},"content":{"rendered":"\t\t<div data-elementor-type=\"wp-page\" data-elementor-id=\"253\" class=\"elementor elementor-253 elementor-26\">\n\t\t\t\t<div class=\"wd-negative-gap elementor-element elementor-element-1f74288 e-flex e-con-boxed e-con e-parent\" data-id=\"1f74288\" data-element_type=\"container\">\n\t\t\t\t\t<div class=\"e-con-inner\">\n\t\t<div class=\"elementor-element elementor-element-b97da5b e-con-full e-flex e-con e-child\" data-id=\"b97da5b\" data-element_type=\"container\">\n\t\t\t\t<div class=\"elementor-element elementor-element-68d733c elementor-widget elementor-widget-image\" data-id=\"68d733c\" data-element_type=\"widget\" data-widget_type=\"image.default\">\n\t\t\t\t\t\t\t\t\t\t\t\t\t\t\t<img decoding=\"async\" src=\"https:\/\/ibjoist.com\/wp-content\/uploads\/elementor\/thumbs\/IB_Joist_logo_512_transparent-e1757356396331-rbyhzeo5ebz47og9c9rv4aurl38g52z4jym2b4kt1c.png\" title=\"IB_Joist_logo_512_transparent\" alt=\"I-Joist products made in Lithuania \/ I-Joist products made in Europe  \/ I-Joist produktai pagaminti Lietuvoje \/ I-Joist produktai pagaminti Europoje \/ I-Joist manufacture \/ I-Joist individuali gamyba\" loading=\"lazy\" \/>\t\t\t\t\t\t\t\t\t\t\t\t\t\t\t<\/div>\n\t\t\t\t<div class=\"elementor-element elementor-element-d1b696f elementor-widget elementor-widget-wd_text_block\" data-id=\"d1b696f\" data-element_type=\"widget\" data-widget_type=\"wd_text_block.default\">\n\t\t\t\t<div class=\"elementor-widget-container\">\n\t\t\t\t\t\t\t<div class=\"wd-text-block reset-last-child text-left\">\n\t\t\t\n\t\t\t<p>\u012emon\u0117:\u00a0 <strong>Uvor, UAB<\/strong><br \/>\u012emon\u0117s kodas: <strong>304764500<\/strong><br \/>PVM kodas: <strong>LT100011641019<\/strong><br \/>El. pa\u0161tas: <a href=\"mailto:sales@ibjoist.com\"><strong><span style=\"color: #000000;\">sales@ibjoist.com<\/span><\/strong><\/a><br \/>Telefonas: <strong><a href=\"tel:+37066562800\">+37066562800<\/a><\/strong><br \/>Adresas: Partizan\u0173 g. 61-806, Kaunas<\/p>\n\t\t\t\t\t<\/div>\n\t\t\t\t\t\t<\/div>\n\t\t\t\t<\/div>\n\t\t\t\t<div class=\"elementor-element elementor-element-9530470 elementor-widget elementor-widget-image\" data-id=\"9530470\" data-element_type=\"widget\" data-widget_type=\"image.default\">\n\t\t\t\t\t\t\t\t\t\t\t\t\t\t\t<img decoding=\"async\" src=\"https:\/\/ibjoist.com\/wp-content\/uploads\/2025\/09\/the-joist.png\" title=\"the-joist\" alt=\"I-Joist products made in Lithuania \/ I-Joist products made in Europe  \/ I-Joist produktai pagaminti Lietuvoje \/ I-Joist produktai pagaminti Europoje \/ I-Joist manufacture \/ I-Joist individuali gamyba\" loading=\"lazy\" \/>\t\t\t\t\t\t\t\t\t\t\t\t\t\t\t<\/div>\n\t\t\t\t<\/div>\n\t\t<div class=\"elementor-element elementor-element-de5aace e-con-full e-flex e-con e-child\" data-id=\"de5aace\" data-element_type=\"container\">\n\t\t\t\t<div class=\"elementor-element elementor-element-ea38f37 wd-cf7 elementor-widget elementor-widget-wd_contact_form_7\" data-id=\"ea38f37\" data-element_type=\"widget\" data-widget_type=\"wd_contact_form_7.default\">\n\t\t\t\t<div class=\"elementor-widget-container\">\n\t\t\t\t\t\n<div class=\"wpcf7 no-js\" id=\"wpcf7-f13-o1\" lang=\"en-US\" dir=\"ltr\" data-wpcf7-id=\"13\">\n<div class=\"screen-reader-response\"><p role=\"status\" aria-live=\"polite\" aria-atomic=\"true\"><\/p> <ul><\/ul><\/div>\n<form action=\"\/lt\/wp-json\/wp\/v2\/pages\/253#wpcf7-f13-o1\" method=\"post\" class=\"wpcf7-form init\" aria-label=\"Contact form\" novalidate=\"novalidate\" data-status=\"init\">\n<fieldset class=\"hidden-fields-container\"><input type=\"hidden\" name=\"_wpcf7\" value=\"13\" \/><input type=\"hidden\" name=\"_wpcf7_version\" value=\"6.1.2\" \/><input type=\"hidden\" name=\"_wpcf7_locale\" value=\"en_US\" \/><input type=\"hidden\" name=\"_wpcf7_unit_tag\" value=\"wpcf7-f13-o1\" \/><input type=\"hidden\" name=\"_wpcf7_container_post\" value=\"0\" \/><input type=\"hidden\" name=\"_wpcf7_posted_data_hash\" value=\"\" \/>\n<\/fieldset>\n<p><label> Your name<br \/>\n<span class=\"wpcf7-form-control-wrap\" data-name=\"your-name\"><input size=\"40\" maxlength=\"400\" class=\"wpcf7-form-control wpcf7-text wpcf7-validates-as-required\" autocomplete=\"name\" aria-required=\"true\" aria-invalid=\"false\" value=\"\" type=\"text\" name=\"your-name\" \/><\/span> <\/label>\n<\/p>\n<p><label> Your email<br \/>\n<span class=\"wpcf7-form-control-wrap\" data-name=\"your-email\"><input size=\"40\" maxlength=\"400\" class=\"wpcf7-form-control wpcf7-email wpcf7-validates-as-required wpcf7-text wpcf7-validates-as-email\" autocomplete=\"email\" aria-required=\"true\" aria-invalid=\"false\" value=\"\" type=\"email\" name=\"your-email\" \/><\/span> <\/label>\n<\/p>\n<p><label> Subject<br \/>\n<span class=\"wpcf7-form-control-wrap\" data-name=\"your-subject\"><input size=\"40\" maxlength=\"400\" class=\"wpcf7-form-control wpcf7-text wpcf7-validates-as-required\" aria-required=\"true\" aria-invalid=\"false\" value=\"\" type=\"text\" name=\"your-subject\" \/><\/span> <\/label>\n<\/p>\n<p><label> Your message (optional)<br \/>\n<span class=\"wpcf7-form-control-wrap\" data-name=\"your-message\"><textarea cols=\"40\" rows=\"10\" maxlength=\"2000\" class=\"wpcf7-form-control wpcf7-textarea\" aria-invalid=\"false\" name=\"your-message\"><\/textarea><\/span> <\/label>\n<\/p>\n<p><input class=\"wpcf7-form-control wpcf7-submit has-spinner\" type=\"submit\" value=\"Submit\" \/>\n<\/p><div class=\"wpcf7-response-output\" aria-hidden=\"true\"><\/div>\n<\/form>\n<\/div>\n\t\t\t\t<\/div>\n\t\t\t\t<\/div>\n\t\t\t\t<\/div>\n\t\t\t\t\t<\/div>\n\t\t\t\t<\/div>\n\t\t<div class=\"wd-negative-gap elementor-element elementor-element-582f038 e-flex e-con-boxed e-con e-parent\" data-id=\"582f038\" data-element_type=\"container\">\n\t\t\t\t\t<div class=\"e-con-inner\">\n\t\t\t\t<div class=\"elementor-element elementor-element-52a4d37 elementor-widget elementor-widget-wd_text_block\" data-id=\"52a4d37\" data-element_type=\"widget\" data-widget_type=\"wd_text_block.default\">\n\t\t\t\t<div class=\"elementor-widget-container\">\n\t\t\t\t\t\t\t<div class=\"wd-text-block reset-last-child text-left\">\n\t\t\t\n\t\t\t<p>I-Joist yra daugiau nei produktas \u2013 tai prover\u017eis statybos technologij\u0173 srityje. Jos unikalus dizainas, primenantis raid\u0119 \u201eI\u201c yra tai, kas j\u0105 daro toki\u0105 veiksming\u0105. Dvigubo ta\u0161o technologija su OSB intarpu leid\u017eia atlaikyti didesnes apkrovas ir i\u0161laikyti stabilius matmenis.<\/p><p>Esminis I-Joist privalumas prie\u0161 nat\u016bralios medienos sijas \u2013 j\u0173 geometrinis stabilumas. Skirtingai nuo nat\u016bralios medienos, kuri yra linkusi deformuotis \u2013 suktis, lenktis ar trauktis. Naudojant I-Joist visos \u0161ios problemos i\u0161sprend\u017eiamos.<\/p><p>Gamybos procesas leid\u017eia mums gaminti iki 13 metr\u0173 ilgio I-Joist sijas, kuri\u0173 kokyb\u0117 yra vienoda visame ilgyje. Sijose gali b\u016bti i\u0161pjautos angos skirtos elektros, ventiliacijos, \u0161ildymo ar vandentiekio sistemoms, nepakenkiant stiprumui, tod\u0117l architektai ir in\u017einieriai gali laisvai ir lanks\u010diai kurti sud\u0117tingus projektus.<\/p><p>Ne ma\u017eiau svarb\u016bs yra ir aplinkosaugos privalumai. Naudodami in\u017einerin\u0119 medien\u0105 ir optimizuodami i\u0161teklius, u\u017etikriname, kad, palyginti su tradicin\u0117mis masyviomis sijomis, b\u016bt\u0173 eikvojama ma\u017eiau \u017ealiav\u0173. D\u0117l to I-Joist yra ne tik efektyvus pasirinkimas statybininkams, bet ir atsakingesnis pasirinkimas planetai.<\/p><p>I-Joist sijos pripa\u017e\u012fstamos kaip pa\u017eangos simbolis, nes viename produkte sujungia stiprum\u0105, efektyvum\u0105 ir tvarum\u0105. Jas vertina ne tik Skandinavijos ar Baltijos \u0161ali\u0173 specialistai, bet ir visa Europa.<\/p>\n\t\t\t\t\t<\/div>\n\t\t\t\t\t\t<\/div>\n\t\t\t\t<\/div>\n\t\t\t\t\t<\/div>\n\t\t\t\t<\/div>\n\t\t\t\t<\/div>\n\t\t","protected":false},"excerpt":{"rendered":"<p>\u012emon\u0117:\u00a0 Uvor, UAB\u012emon\u0117s kodas: 304764500PVM kodas: LT100011641019El. pa\u0161tas: sales@ibjoist.comTelefonas: +37066562800Adresas: Partizan\u0173 g. 61-806, Kaunas Your name Your email Subject Your<\/p>\n","protected":false},"author":1,"featured_media":398,"parent":0,"menu_order":0,"comment_status":"closed","ping_status":"closed","template":"","meta":{"footnotes":""},"class_list":["post-253","page","type-page","status-publish","has-post-thumbnail","hentry"],"aioseo_notices":[],"_links":{"self":[{"href":"https:\/\/ibjoist.com\/lt\/wp-json\/wp\/v2\/pages\/253","targetHints":{"allow":["GET"]}}],"collection":[{"href":"https:\/\/ibjoist.com\/lt\/wp-json\/wp\/v2\/pages"}],"about":[{"href":"https:\/\/ibjoist.com\/lt\/wp-json\/wp\/v2\/types\/page"}],"author":[{"embeddable":true,"href":"https:\/\/ibjoist.com\/lt\/wp-json\/wp\/v2\/users\/1"}],"replies":[{"embeddable":true,"href":"https:\/\/ibjoist.com\/lt\/wp-json\/wp\/v2\/comments?post=253"}],"version-history":[{"count":7,"href":"https:\/\/ibjoist.com\/lt\/wp-json\/wp\/v2\/pages\/253\/revisions"}],"predecessor-version":[{"id":335,"href":"https:\/\/ibjoist.com\/lt\/wp-json\/wp\/v2\/pages\/253\/revisions\/335"}],"wp:featuredmedia":[{"embeddable":true,"href":"https:\/\/ibjoist.com\/lt\/wp-json\/wp\/v2\/media\/398"}],"wp:attachment":[{"href":"https:\/\/ibjoist.com\/lt\/wp-json\/wp\/v2\/media?parent=253"}],"curies":[{"name":"wp","href":"https:\/\/api.w.org\/{rel}","templated":true}]}}