{"id":276,"date":"2025-09-10T16:06:41","date_gmt":"2025-09-10T16:06:41","guid":{"rendered":"https:\/\/ibjoist.gixstudio.lt\/product\/i-joict-h-400\/"},"modified":"2025-09-16T09:30:12","modified_gmt":"2025-09-16T09:30:12","slug":"i-joict-h-400","status":"publish","type":"product","link":"https:\/\/ibjoist.com\/lt\/produktas\/i-joict-h-400\/","title":{"rendered":"I-Joist H-400"},"content":{"rendered":"<p>Kilm\u0117s vieta: <strong>LIETUVA<\/strong><br \/>\n<strong>Gamybos trukm\u0117 iki 4 savai\u010di\u0173.<\/strong><\/p>\n<p><strong>Pristatymo kaina ES:<\/strong><br \/>\nPristatymo kaina Europos S\u0105jungoje (i\u0161skyrus salas) yra fiksuota ir siekia \u20ac500.<\/p>\n<p><strong>Pristatymo kaina LT:<\/strong><br \/>\nPristatymo kaina Lietuvoje derinama individualiai.<\/p>\n","protected":false},"excerpt":{"rendered":"<p>Pagaminta\u00a0<u>LIETUVOJE<\/u><br \/>\nGamybos trukm\u0117 <u>iki 4 savai\u010di\u0173<\/u><br \/>\nPristatymo kaina <u>Europos s\u0105jungoje 500Eur<\/u><br \/>\nPristatymo kaina <u>LT aptariama individualiai<\/u><\/p>\n","protected":false},"featured_media":42,"comment_status":"open","ping_status":"closed","template":"","meta":[],"product_brand":[],"product_cat":[35],"product_tag":[],"class_list":{"0":"post-276","1":"product","2":"type-product","3":"status-publish","4":"has-post-thumbnail","6":"product_cat-i-joist-lt","8":"first","9":"instock","10":"taxable","11":"shipping-taxable","12":"purchasable","13":"product-type-variable"},"aioseo_notices":[],"_links":{"self":[{"href":"https:\/\/ibjoist.com\/lt\/wp-json\/wp\/v2\/product\/276","targetHints":{"allow":["GET"]}}],"collection":[{"href":"https:\/\/ibjoist.com\/lt\/wp-json\/wp\/v2\/product"}],"about":[{"href":"https:\/\/ibjoist.com\/lt\/wp-json\/wp\/v2\/types\/product"}],"replies":[{"embeddable":true,"href":"https:\/\/ibjoist.com\/lt\/wp-json\/wp\/v2\/comments?post=276"}],"wp:featuredmedia":[{"embeddable":true,"href":"https:\/\/ibjoist.com\/lt\/wp-json\/wp\/v2\/media\/42"}],"wp:attachment":[{"href":"https:\/\/ibjoist.com\/lt\/wp-json\/wp\/v2\/media?parent=276"}],"wp:term":[{"taxonomy":"product_brand","embeddable":true,"href":"https:\/\/ibjoist.com\/lt\/wp-json\/wp\/v2\/product_brand?post=276"},{"taxonomy":"product_cat","embeddable":true,"href":"https:\/\/ibjoist.com\/lt\/wp-json\/wp\/v2\/product_cat?post=276"},{"taxonomy":"product_tag","embeddable":true,"href":"https:\/\/ibjoist.com\/lt\/wp-json\/wp\/v2\/product_tag?post=276"}],"curies":[{"name":"wp","href":"https:\/\/api.w.org\/{rel}","templated":true}]}}